{"id":1282,"date":"2021-11-04T10:40:34","date_gmt":"2021-11-04T09:40:17","guid":{"rendered":"https:\/\/new.openroom.ch\/kunden\/"},"modified":"2025-08-05T10:40:48","modified_gmt":"2025-08-05T08:40:48","slug":"clients","status":"publish","type":"page","link":"https:\/\/openroom.ch\/fr\/clients\/","title":{"rendered":"Clients"},"content":{"rendered":"\n<div class=\"block-kunden grid-x grid-margin-x small-up-1 medium-up-2 large-up-3\">  \n        <div class=\"cell\">\n        <a href=\"advestra\">\n          <div class=\"logoWrap\"><img decoding=\"async\" src=\"https:\/\/openroom.ch\/wp-content\/uploads\/2021\/11\/kunden_advestra.svg\" alt=\"\" \/><\/div>\n        <\/a>\n      <\/div>\n  \n        <div class=\"cell\">\n        <a href=\"4044\">\n          <div class=\"logoWrap\"><img decoding=\"async\" src=\"https:\/\/openroom.ch\/wp-content\/uploads\/2021\/11\/Logo_AOP-IGP.png\" alt=\"\" \/><\/div>\n        <\/a>\n      <\/div>\n  \n        <div class=\"cell\">\n        <a href=\"clients\">\n          <div class=\"logoWrap\"><img decoding=\"async\" src=\"https:\/\/openroom.ch\/wp-content\/uploads\/2021\/12\/Alpine_White_Logo_black-01.png\" alt=\"\" \/><\/div>\n        <\/a>\n      <\/div>\n  \n        <div class=\"cell\">\n        <a href=\"clients\">\n          <div class=\"logoWrap\"><img decoding=\"async\" src=\"https:\/\/openroom.ch\/wp-content\/uploads\/2022\/01\/ASELogo.png\" alt=\"\" \/><\/div>\n        <\/a>\n      <\/div>\n  \n        <div class=\"cell\">\n        <a href=\"clients\">\n          <div class=\"logoWrap\"><img decoding=\"async\" src=\"https:\/\/openroom.ch\/wp-content\/uploads\/2022\/01\/LogoBLANCARRE_v1.png\" alt=\"\" \/><\/div>\n        <\/a>\n      <\/div>\n  \n        <div class=\"cell\">\n        <a href=\"clients\">\n          <div class=\"logoWrap\"><img decoding=\"async\" src=\"https:\/\/openroom.ch\/wp-content\/uploads\/2021\/12\/CarPostal_TPJU_AF4CC_n-0.png\" alt=\"\" \/><\/div>\n        <\/a>\n      <\/div>\n  \n        <div class=\"cell\">\n        <a href=\"ccij-re-branding\">\n          <div class=\"logoWrap\"><img decoding=\"async\" src=\"https:\/\/openroom.ch\/wp-content\/uploads\/2021\/11\/CCIJ-Logo-CMYK-mit-Payoff.png\" alt=\"\" \/><\/div>\n        <\/a>\n      <\/div>\n  \n        <div class=\"cell\">\n        <a href=\"clients\">\n          <div class=\"logoWrap\"><img decoding=\"async\" src=\"https:\/\/openroom.ch\/wp-content\/uploads\/2022\/01\/cerjo-1.png\" alt=\"\" \/><\/div>\n        <\/a>\n      <\/div>\n  \n        <div class=\"cell\">\n        <a href=\"clients\">\n          <div class=\"logoWrap\"><img decoding=\"async\" src=\"https:\/\/openroom.ch\/wp-content\/uploads\/2022\/01\/cj_pantone-Konvertiert.png\" alt=\"\" \/><\/div>\n        <\/a>\n      <\/div>\n  \n        <div class=\"cell\">\n        <a href=\"clients\">\n          <div class=\"logoWrap\"><img decoding=\"async\" src=\"https:\/\/openroom.ch\/wp-content\/uploads\/2022\/01\/composite-Busch.png\" alt=\"\" \/><\/div>\n        <\/a>\n      <\/div>\n  \n        <div class=\"cell\">\n        <a href=\"clients\">\n          <div class=\"logoWrap\"><img decoding=\"async\" src=\"https:\/\/openroom.ch\/wp-content\/uploads\/2022\/01\/Logo_Comte_4c.png\" alt=\"\" \/><\/div>\n        <\/a>\n      <\/div>\n  \n        <div class=\"cell\">\n        <a href=\"clients\">\n          <div class=\"logoWrap\"><img decoding=\"async\" src=\"https:\/\/openroom.ch\/wp-content\/uploads\/2021\/11\/Logo_david-milla.png\" alt=\"\" \/><\/div>\n        <\/a>\n      <\/div>\n  \n        <div class=\"cell\">\n        <a href=\"1-4-22-kampagne-fuer-domofen\">\n          <div class=\"logoWrap\"><img decoding=\"async\" src=\"https:\/\/openroom.ch\/wp-content\/uploads\/2021\/11\/DOMOFEN_Logo_RGB_slogan.png\" alt=\"\" \/><\/div>\n        <\/a>\n      <\/div>\n  \n        <div class=\"cell\">\n        <a href=\"clients\">\n          <div class=\"logoWrap\"><img decoding=\"async\" src=\"https:\/\/openroom.ch\/wp-content\/uploads\/2021\/12\/Logo_Concours_des_Suisse_21_FR.png\" alt=\"\" \/><\/div>\n        <\/a>\n      <\/div>\n  \n        <div class=\"cell\">\n        <a href=\"campagne-haute-ecole-arc-sante\">\n          <div class=\"logoWrap\"><img decoding=\"async\" src=\"https:\/\/openroom.ch\/wp-content\/uploads\/2021\/11\/He-Arc-Logo-roter.png\" alt=\"\" \/><\/div>\n        <\/a>\n      <\/div>\n  \n        <div class=\"cell\">\n        <a href=\"clients\">\n          <div class=\"logoWrap\"><img decoding=\"async\" src=\"https:\/\/openroom.ch\/wp-content\/uploads\/2021\/12\/Jura-Tourisme-Logo-CMYK-fuer-Stadion.png\" alt=\"\" \/><\/div>\n        <\/a>\n      <\/div>\n  \n        <div class=\"cell\">\n        <a href=\"clients\">\n          <div class=\"logoWrap\"><img decoding=\"async\" src=\"https:\/\/openroom.ch\/wp-content\/uploads\/2022\/01\/Jura-loriginal.png\" alt=\"\" \/><\/div>\n        <\/a>\n      <\/div>\n  \n        <div class=\"cell\">\n        <a href=\"clients\">\n          <div class=\"logoWrap\"><img decoding=\"async\" src=\"https:\/\/openroom.ch\/wp-content\/uploads\/2022\/01\/GK-Wohnkultur_Kindler.png\" alt=\"\" \/><\/div>\n        <\/a>\n      <\/div>\n  \n        <div class=\"cell\">\n        <a href=\"4044\">\n          <div class=\"logoWrap\"><img decoding=\"async\" src=\"https:\/\/openroom.ch\/wp-content\/uploads\/2022\/01\/Gruyere-Logo.png\" alt=\"\" \/><\/div>\n        <\/a>\n      <\/div>\n  \n        <div class=\"cell\">\n        <a href=\"clients\">\n          <div class=\"logoWrap\"><img decoding=\"async\" src=\"https:\/\/openroom.ch\/wp-content\/uploads\/2021\/12\/Martellus-Logo-mit-Schrift.png\" alt=\"\" \/><\/div>\n        <\/a>\n      <\/div>\n  \n        <div class=\"cell\">\n        <a href=\"nez-rouge\">\n          <div class=\"logoWrap\"><img decoding=\"async\" src=\"https:\/\/openroom.ch\/wp-content\/uploads\/2021\/12\/Logo_NezRouge_Rechtsbuendig_FahrenLassen-2020.png\" alt=\"\" \/><\/div>\n        <\/a>\n      <\/div>\n  \n        <div class=\"cell\">\n        <a href=\"clients\">\n          <div class=\"logoWrap\"><img decoding=\"async\" src=\"https:\/\/openroom.ch\/wp-content\/uploads\/2022\/01\/NRG_Logo_rgb_Claim.png\" alt=\"\" \/><\/div>\n        <\/a>\n      <\/div>\n  \n        <div class=\"cell\">\n        <a href=\"clients\">\n          <div class=\"logoWrap\"><img decoding=\"async\" src=\"https:\/\/openroom.ch\/wp-content\/uploads\/2021\/11\/Logo_def.png\" alt=\"\" \/><\/div>\n        <\/a>\n      <\/div>\n  \n        <div class=\"cell\">\n        <a href=\"clients\">\n          <div class=\"logoWrap\"><img decoding=\"async\" src=\"https:\/\/openroom.ch\/wp-content\/uploads\/2021\/11\/PP_LOGO.png\" alt=\"\" \/><\/div>\n        <\/a>\n      <\/div>\n  \n        <div class=\"cell\">\n        <a href=\"branding-packaging-fuer-b2b\">\n          <div class=\"logoWrap\"><img decoding=\"async\" src=\"https:\/\/openroom.ch\/wp-content\/uploads\/2021\/11\/PET_Logo_2019_RGB.png\" alt=\"\" \/><\/div>\n        <\/a>\n      <\/div>\n  \n        <div class=\"cell\">\n        <a href=\"clients\">\n          <div class=\"logoWrap\"><img decoding=\"async\" src=\"https:\/\/openroom.ch\/wp-content\/uploads\/2021\/12\/PPO_Logo_Web.png\" alt=\"\" \/><\/div>\n        <\/a>\n      <\/div>\n  \n        <div class=\"cell\">\n        <a href=\"clients\">\n          <div class=\"logoWrap\"><img decoding=\"async\" src=\"https:\/\/openroom.ch\/wp-content\/uploads\/2021\/12\/PRI_Logo_Vector_3-01.png\" alt=\"\" \/><\/div>\n        <\/a>\n      <\/div>\n  \n        <div class=\"cell\">\n        <a href=\"clients\">\n          <div class=\"logoWrap\"><img decoding=\"async\" src=\"https:\/\/openroom.ch\/wp-content\/uploads\/2022\/01\/logo-robusta-bedding.png\" alt=\"\" \/><\/div>\n        <\/a>\n      <\/div>\n  \n        <div class=\"cell\">\n        <a href=\"clients\">\n          <div class=\"logoWrap\"><img decoding=\"async\" src=\"https:\/\/openroom.ch\/wp-content\/uploads\/2021\/12\/ROB_Logo_Livique_Schwarz.png\" alt=\"\" \/><\/div>\n        <\/a>\n      <\/div>\n  \n        <div class=\"cell\">\n        <a href=\"clients\">\n          <div class=\"logoWrap\"><img decoding=\"async\" src=\"https:\/\/openroom.ch\/wp-content\/uploads\/2021\/12\/SBB_POS_2F_RGB_100.png\" alt=\"\" \/><\/div>\n        <\/a>\n      <\/div>\n  \n        <div class=\"cell\">\n        <a href=\"le-sbrinz-aop-fromage-suisse\">\n          <div class=\"logoWrap\"><img decoding=\"async\" src=\"https:\/\/openroom.ch\/wp-content\/uploads\/2022\/04\/Sbrinz-Logo-fuer-Kaesestreuer.png\" alt=\"\" \/><\/div>\n        <\/a>\n      <\/div>\n  \n        <div class=\"cell\">\n        <a href=\"clients\">\n          <div class=\"logoWrap\"><img decoding=\"async\" src=\"https:\/\/openroom.ch\/wp-content\/uploads\/2022\/01\/Unbenannt-1.png\" alt=\"\" \/><\/div>\n        <\/a>\n      <\/div>\n  \n        <div class=\"cell\">\n        <a href=\"clients\">\n          <div class=\"logoWrap\"><img decoding=\"async\" src=\"https:\/\/openroom.ch\/wp-content\/uploads\/2022\/01\/Setaprint_AG_2fbg_cmyk.png\" alt=\"\" \/><\/div>\n        <\/a>\n      <\/div>\n  \n        <div class=\"cell\">\n        <a href=\"clients\">\n          <div class=\"logoWrap\"><img decoding=\"async\" src=\"https:\/\/openroom.ch\/wp-content\/uploads\/2021\/11\/SQIN_TEA_LOGO_Switzerland-2.png\" alt=\"\" \/><\/div>\n        <\/a>\n      <\/div>\n  \n        <div class=\"cell\">\n        <a href=\"4044\">\n          <div class=\"logoWrap\"><img decoding=\"async\" src=\"https:\/\/openroom.ch\/wp-content\/uploads\/2021\/11\/St.Galler_Bratwurst.png\" alt=\"\" \/><\/div>\n        <\/a>\n      <\/div>\n  \n        <div class=\"cell\">\n        <a href=\"clients\">\n          <div class=\"logoWrap\"><img decoding=\"async\" src=\"https:\/\/openroom.ch\/wp-content\/uploads\/2022\/01\/SC_logo_Pantone_2_DE.png\" alt=\"\" \/><\/div>\n        <\/a>\n      <\/div>\n  \n        <div class=\"cell\">\n        <a href=\"offene-weinkeller\">\n          <div class=\"logoWrap\"><img decoding=\"async\" src=\"https:\/\/openroom.ch\/wp-content\/uploads\/2021\/11\/DEUTSCHSCHWEIZ_cmjn-G-C_DE.png\" alt=\"\" \/><\/div>\n        <\/a>\n      <\/div>\n  \n        <div class=\"cell\">\n        <a href=\"clients\">\n          <div class=\"logoWrap\"><img decoding=\"async\" src=\"https:\/\/openroom.ch\/wp-content\/uploads\/2022\/01\/Talentis-Lab.png\" alt=\"\" \/><\/div>\n        <\/a>\n      <\/div>\n  \n        <div class=\"cell\">\n        <a href=\"clients\">\n          <div class=\"logoWrap\"><img decoding=\"async\" src=\"https:\/\/openroom.ch\/wp-content\/uploads\/2021\/12\/TCS_Logo_eD.png\" alt=\"\" \/><\/div>\n        <\/a>\n      <\/div>\n  \n        <div class=\"cell\">\n        <a href=\"nationale-kampagne-tete-de-moine-aop\">\n          <div class=\"logoWrap\"><img decoding=\"async\" src=\"https:\/\/openroom.ch\/wp-content\/uploads\/2021\/11\/TdM_Logo_c.png\" alt=\"\" \/><\/div>\n        <\/a>\n      <\/div>\n  \n        <div class=\"cell\">\n        <a href=\"villat-meubles\">\n          <div class=\"logoWrap\"><img decoding=\"async\" src=\"https:\/\/openroom.ch\/wp-content\/uploads\/2022\/12\/VILLAT_Logo_CMYK.png\" alt=\"\" \/><\/div>\n        <\/a>\n      <\/div>\n  \n        <div class=\"cell\">\n        <a href=\"branding-packaging-fuer-b2b\">\n          <div class=\"logoWrap\"><img decoding=\"async\" src=\"https:\/\/openroom.ch\/wp-content\/uploads\/2021\/12\/Yupikk-RGB-mit-Payoff.png\" alt=\"\" \/><\/div>\n        <\/a>\n      <\/div>\n  \n  <\/div>\n\n\n\n\n<div style=\"height:40px\" aria-hidden=\"true\" class=\"wp-block-spacer\"><\/div>\n\n\n\n<h2 class=\"wp-block-heading\" id=\"autres-experiences\">Autres exp\u00e9riences <\/h2>\n\n\n\n<p class=\"is-style-default\">Aperto Shop<\/p>\n\n\n\n<p class=\"is-style-default\">Autobau Erlebniswelt<\/p>\n\n\n\n<p class=\"is-style-default\">Babyliss, Paris<\/p>\n\n\n\n<p class=\"is-style-default\">Banque Cantonale du Jura<\/p>\n\n\n\n<p class=\"is-style-default\">Bellelay Tourismus<\/p>\n\n\n\n<p class=\"is-style-default\">Bossy C\u00e9r\u00e9ales<\/p>\n\n\n\n<p class=\"is-style-default\">Centre d&rsquo;Impression Le Pays SA<\/p>\n\n\n\n<p class=\"is-style-default\">Comte Constructions SA<\/p>\n\n\n\n<p class=\"is-style-default\">360 Comte Entreprise G\u00e9n\u00e9rale SA<\/p>\n\n\n\n<p class=\"is-style-default\">CIP Formation<\/p>\n\n\n\n<p class=\"is-style-default\">Le Groupe CNIM, Paris<\/p>\n\n\n\n<p class=\"is-style-default\">Commune de Porrentruy<\/p>\n\n\n\n<p class=\"is-style-default\">Daniel Benjamin SA Fourrures et Couture <\/p>\n\n\n\n<p class=\"is-style-default\">Editions D+P SA<\/p>\n\n\n\n<p class=\"is-style-default\">ERMA Bo\u00e9court SA<\/p>\n\n\n\n<p class=\"is-style-default\">Fogal<\/p>\n\n\n\n<p class=\"is-style-default\">Jelmoli Food Market<\/p>\n\n\n\n<p class=\"is-style-default\">Kiwanis Club Z\u00fcrich<\/p>\n\n\n\n<p class=\"is-style-default\">Le Vagabond l&rsquo;abonnement jurassien<\/p>\n\n\n\n<p class=\"is-style-default\">Majo Fruithof Humer AG<\/p>\n\n\n\n<p class=\"is-style-default\">Marti Arc Jura<\/p>\n\n\n\n<p class=\"is-style-default\">Onde Verte &#8211; Transports Publics Neuch\u00e2telois SA<\/p>\n\n\n\n<p class=\"is-style-default\">Paul Picot<\/p>\n\n\n\n<p class=\"is-style-default\">Sports Academy Lausanne<\/p>\n\n\n\n<p class=\"is-style-default\">R\u00e9publique et Canton du Jura<\/p>\n\n\n\n<p class=\"is-style-default\">RWB Groupe<\/p>\n","protected":false},"excerpt":{"rendered":"<p>Autres exp\u00e9riences Aperto Shop Autobau Erlebniswelt Babyliss, Paris Banque Cantonale du Jura Bellelay Tourismus Bossy C\u00e9r\u00e9ales Centre d&rsquo;Impression Le Pays SA Comte Constructions SA 360 Comte Entreprise G\u00e9n\u00e9rale SA CIP Formation Le Groupe CNIM, Paris Commune de Porrentruy Daniel Benjamin SA Fourrures et Couture Editions D+P SA ERMA Bo\u00e9court SA Fogal Jelmoli Food Market Kiwanis<a class=\"excerpt-read-more\" href=\"https:\/\/openroom.ch\/fr\/clients\/\" title=\"ReadClients\">&#8230; Read more &raquo;<\/a><\/p>\n","protected":false},"author":1,"featured_media":0,"parent":0,"menu_order":3,"comment_status":"closed","ping_status":"closed","template":"template-full-width.php","meta":{"_acf_changed":false,"footnotes":""},"class_list":["post-1282","page","type-page","status-publish","hentry"],"acf":[],"yoast_head":"<!-- This site is optimized with the Yoast SEO plugin v27.3 - https:\/\/yoast.com\/product\/yoast-seo-wordpress\/ -->\n<title>Clients &#8211; OPENROOM CREATIVE AGENCY<\/title>\n<meta name=\"description\" content=\"Depuis des ann\u00e9es, nous planifions et mettons en \u0153uvre des campagnes de communication pour nos clients issus des secteurs les plus divers.\" \/>\n<meta name=\"robots\" content=\"index, follow, max-snippet:-1, max-image-preview:large, max-video-preview:-1\" \/>\n<link rel=\"canonical\" href=\"https:\/\/openroom.ch\/fr\/clients\/\" \/>\n<meta property=\"og:locale\" content=\"fr_FR\" \/>\n<meta property=\"og:type\" content=\"article\" \/>\n<meta property=\"og:title\" content=\"Clients &#8211; OPENROOM CREATIVE AGENCY\" \/>\n<meta property=\"og:description\" content=\"Depuis des ann\u00e9es, nous planifions et mettons en \u0153uvre des campagnes de communication pour nos clients issus des secteurs les plus divers.\" \/>\n<meta property=\"og:url\" content=\"https:\/\/openroom.ch\/fr\/clients\/\" \/>\n<meta property=\"og:site_name\" content=\"OPENROOM | The Unlimited Creative Lab\" \/>\n<meta property=\"article:publisher\" content=\"https:\/\/www.facebook.com\/openroom_creative_agency\" \/>\n<meta property=\"article:modified_time\" content=\"2025-08-05T08:40:48+00:00\" \/>\n<meta name=\"twitter:card\" content=\"summary_large_image\" \/>\n<meta name=\"twitter:label1\" content=\"Dur\u00e9e de lecture estim\u00e9e\" \/>\n\t<meta name=\"twitter:data1\" content=\"1 minute\" \/>\n<script type=\"application\/ld+json\" class=\"yoast-schema-graph\">{\"@context\":\"https:\\\/\\\/schema.org\",\"@graph\":[{\"@type\":\"Article\",\"@id\":\"https:\\\/\\\/openroom.ch\\\/fr\\\/clients\\\/#article\",\"isPartOf\":{\"@id\":\"https:\\\/\\\/openroom.ch\\\/fr\\\/clients\\\/\"},\"author\":{\"name\":\"open_webundso\",\"@id\":\"https:\\\/\\\/openroom.ch\\\/fr\\\/#\\\/schema\\\/person\\\/23d81e2dbdd499b882e1839e3a63935e\"},\"headline\":\"Clients\",\"datePublished\":\"2021-11-04T09:40:17+00:00\",\"dateModified\":\"2025-08-05T08:40:48+00:00\",\"mainEntityOfPage\":{\"@id\":\"https:\\\/\\\/openroom.ch\\\/fr\\\/clients\\\/\"},\"wordCount\":99,\"publisher\":{\"@id\":\"https:\\\/\\\/openroom.ch\\\/fr\\\/#organization\"},\"inLanguage\":\"fr-FR\"},{\"@type\":\"WebPage\",\"@id\":\"https:\\\/\\\/openroom.ch\\\/fr\\\/clients\\\/\",\"url\":\"https:\\\/\\\/openroom.ch\\\/fr\\\/clients\\\/\",\"name\":\"Clients &#8211; OPENROOM CREATIVE AGENCY\",\"isPartOf\":{\"@id\":\"https:\\\/\\\/openroom.ch\\\/fr\\\/#website\"},\"datePublished\":\"2021-11-04T09:40:17+00:00\",\"dateModified\":\"2025-08-05T08:40:48+00:00\",\"description\":\"Depuis des ann\u00e9es, nous planifions et mettons en \u0153uvre des campagnes de communication pour nos clients issus des secteurs les plus divers.\",\"breadcrumb\":{\"@id\":\"https:\\\/\\\/openroom.ch\\\/fr\\\/clients\\\/#breadcrumb\"},\"inLanguage\":\"fr-FR\",\"potentialAction\":[{\"@type\":\"ReadAction\",\"target\":[\"https:\\\/\\\/openroom.ch\\\/fr\\\/clients\\\/\"]}]},{\"@type\":\"BreadcrumbList\",\"@id\":\"https:\\\/\\\/openroom.ch\\\/fr\\\/clients\\\/#breadcrumb\",\"itemListElement\":[{\"@type\":\"ListItem\",\"position\":1,\"name\":\"Home\",\"item\":\"https:\\\/\\\/openroom.ch\\\/fr\\\/\"},{\"@type\":\"ListItem\",\"position\":2,\"name\":\"Clients\"}]},{\"@type\":\"WebSite\",\"@id\":\"https:\\\/\\\/openroom.ch\\\/fr\\\/#website\",\"url\":\"https:\\\/\\\/openroom.ch\\\/fr\\\/\",\"name\":\"OPENROOM | The Unlimited Creative Lab\",\"description\":\"\",\"publisher\":{\"@id\":\"https:\\\/\\\/openroom.ch\\\/fr\\\/#organization\"},\"potentialAction\":[{\"@type\":\"SearchAction\",\"target\":{\"@type\":\"EntryPoint\",\"urlTemplate\":\"https:\\\/\\\/openroom.ch\\\/fr\\\/?s={search_term_string}\"},\"query-input\":{\"@type\":\"PropertyValueSpecification\",\"valueRequired\":true,\"valueName\":\"search_term_string\"}}],\"inLanguage\":\"fr-FR\"},{\"@type\":\"Organization\",\"@id\":\"https:\\\/\\\/openroom.ch\\\/fr\\\/#organization\",\"name\":\"OPENROOM GmbH\",\"url\":\"https:\\\/\\\/openroom.ch\\\/fr\\\/\",\"logo\":{\"@type\":\"ImageObject\",\"inLanguage\":\"fr-FR\",\"@id\":\"https:\\\/\\\/openroom.ch\\\/fr\\\/#\\\/schema\\\/logo\\\/image\\\/\",\"url\":\"https:\\\/\\\/openroom.ch\\\/wp-content\\\/uploads\\\/2021\\\/11\\\/logo-b-1.svg\",\"contentUrl\":\"https:\\\/\\\/openroom.ch\\\/wp-content\\\/uploads\\\/2021\\\/11\\\/logo-b-1.svg\",\"width\":1,\"height\":1,\"caption\":\"OPENROOM GmbH\"},\"image\":{\"@id\":\"https:\\\/\\\/openroom.ch\\\/fr\\\/#\\\/schema\\\/logo\\\/image\\\/\"},\"sameAs\":[\"https:\\\/\\\/www.facebook.com\\\/openroom_creative_agency\",\"https:\\\/\\\/www.instagram.com\\\/openroom.ch\\\/\",\"https:\\\/\\\/www.linkedin.com\\\/company\\\/openroom-werbeagentur\\\/\"]},{\"@type\":\"Person\",\"@id\":\"https:\\\/\\\/openroom.ch\\\/fr\\\/#\\\/schema\\\/person\\\/23d81e2dbdd499b882e1839e3a63935e\",\"name\":\"open_webundso\",\"sameAs\":[\"https:\\\/\\\/new.openroom.ch\"]}]}<\/script>\n<!-- \/ Yoast SEO plugin. -->","yoast_head_json":{"title":"Clients &#8211; OPENROOM CREATIVE AGENCY","description":"Depuis des ann\u00e9es, nous planifions et mettons en \u0153uvre des campagnes de communication pour nos clients issus des secteurs les plus divers.","robots":{"index":"index","follow":"follow","max-snippet":"max-snippet:-1","max-image-preview":"max-image-preview:large","max-video-preview":"max-video-preview:-1"},"canonical":"https:\/\/openroom.ch\/fr\/clients\/","og_locale":"fr_FR","og_type":"article","og_title":"Clients &#8211; OPENROOM CREATIVE AGENCY","og_description":"Depuis des ann\u00e9es, nous planifions et mettons en \u0153uvre des campagnes de communication pour nos clients issus des secteurs les plus divers.","og_url":"https:\/\/openroom.ch\/fr\/clients\/","og_site_name":"OPENROOM | The Unlimited Creative Lab","article_publisher":"https:\/\/www.facebook.com\/openroom_creative_agency","article_modified_time":"2025-08-05T08:40:48+00:00","twitter_card":"summary_large_image","twitter_misc":{"Dur\u00e9e de lecture estim\u00e9e":"1 minute"},"schema":{"@context":"https:\/\/schema.org","@graph":[{"@type":"Article","@id":"https:\/\/openroom.ch\/fr\/clients\/#article","isPartOf":{"@id":"https:\/\/openroom.ch\/fr\/clients\/"},"author":{"name":"open_webundso","@id":"https:\/\/openroom.ch\/fr\/#\/schema\/person\/23d81e2dbdd499b882e1839e3a63935e"},"headline":"Clients","datePublished":"2021-11-04T09:40:17+00:00","dateModified":"2025-08-05T08:40:48+00:00","mainEntityOfPage":{"@id":"https:\/\/openroom.ch\/fr\/clients\/"},"wordCount":99,"publisher":{"@id":"https:\/\/openroom.ch\/fr\/#organization"},"inLanguage":"fr-FR"},{"@type":"WebPage","@id":"https:\/\/openroom.ch\/fr\/clients\/","url":"https:\/\/openroom.ch\/fr\/clients\/","name":"Clients &#8211; OPENROOM CREATIVE AGENCY","isPartOf":{"@id":"https:\/\/openroom.ch\/fr\/#website"},"datePublished":"2021-11-04T09:40:17+00:00","dateModified":"2025-08-05T08:40:48+00:00","description":"Depuis des ann\u00e9es, nous planifions et mettons en \u0153uvre des campagnes de communication pour nos clients issus des secteurs les plus divers.","breadcrumb":{"@id":"https:\/\/openroom.ch\/fr\/clients\/#breadcrumb"},"inLanguage":"fr-FR","potentialAction":[{"@type":"ReadAction","target":["https:\/\/openroom.ch\/fr\/clients\/"]}]},{"@type":"BreadcrumbList","@id":"https:\/\/openroom.ch\/fr\/clients\/#breadcrumb","itemListElement":[{"@type":"ListItem","position":1,"name":"Home","item":"https:\/\/openroom.ch\/fr\/"},{"@type":"ListItem","position":2,"name":"Clients"}]},{"@type":"WebSite","@id":"https:\/\/openroom.ch\/fr\/#website","url":"https:\/\/openroom.ch\/fr\/","name":"OPENROOM | The Unlimited Creative Lab","description":"","publisher":{"@id":"https:\/\/openroom.ch\/fr\/#organization"},"potentialAction":[{"@type":"SearchAction","target":{"@type":"EntryPoint","urlTemplate":"https:\/\/openroom.ch\/fr\/?s={search_term_string}"},"query-input":{"@type":"PropertyValueSpecification","valueRequired":true,"valueName":"search_term_string"}}],"inLanguage":"fr-FR"},{"@type":"Organization","@id":"https:\/\/openroom.ch\/fr\/#organization","name":"OPENROOM GmbH","url":"https:\/\/openroom.ch\/fr\/","logo":{"@type":"ImageObject","inLanguage":"fr-FR","@id":"https:\/\/openroom.ch\/fr\/#\/schema\/logo\/image\/","url":"https:\/\/openroom.ch\/wp-content\/uploads\/2021\/11\/logo-b-1.svg","contentUrl":"https:\/\/openroom.ch\/wp-content\/uploads\/2021\/11\/logo-b-1.svg","width":1,"height":1,"caption":"OPENROOM GmbH"},"image":{"@id":"https:\/\/openroom.ch\/fr\/#\/schema\/logo\/image\/"},"sameAs":["https:\/\/www.facebook.com\/openroom_creative_agency","https:\/\/www.instagram.com\/openroom.ch\/","https:\/\/www.linkedin.com\/company\/openroom-werbeagentur\/"]},{"@type":"Person","@id":"https:\/\/openroom.ch\/fr\/#\/schema\/person\/23d81e2dbdd499b882e1839e3a63935e","name":"open_webundso","sameAs":["https:\/\/new.openroom.ch"]}]}},"_links":{"self":[{"href":"https:\/\/openroom.ch\/fr\/wp-json\/wp\/v2\/pages\/1282","targetHints":{"allow":["GET"]}}],"collection":[{"href":"https:\/\/openroom.ch\/fr\/wp-json\/wp\/v2\/pages"}],"about":[{"href":"https:\/\/openroom.ch\/fr\/wp-json\/wp\/v2\/types\/page"}],"author":[{"embeddable":true,"href":"https:\/\/openroom.ch\/fr\/wp-json\/wp\/v2\/users\/1"}],"replies":[{"embeddable":true,"href":"https:\/\/openroom.ch\/fr\/wp-json\/wp\/v2\/comments?post=1282"}],"version-history":[{"count":42,"href":"https:\/\/openroom.ch\/fr\/wp-json\/wp\/v2\/pages\/1282\/revisions"}],"predecessor-version":[{"id":4495,"href":"https:\/\/openroom.ch\/fr\/wp-json\/wp\/v2\/pages\/1282\/revisions\/4495"}],"wp:attachment":[{"href":"https:\/\/openroom.ch\/fr\/wp-json\/wp\/v2\/media?parent=1282"}],"curies":[{"name":"wp","href":"https:\/\/api.w.org\/{rel}","templated":true}]}}