{"id":1291,"date":"2021-11-08T12:25:34","date_gmt":"2021-11-08T11:25:05","guid":{"rendered":"https:\/\/new.openroom.ch\/newsletter\/"},"modified":"2022-03-02T10:25:18","modified_gmt":"2022-03-02T09:25:18","slug":"newsletter","status":"publish","type":"page","link":"https:\/\/openroom.ch\/fr\/newsletter\/","title":{"rendered":"Newsletter"},"content":{"rendered":"\n<form method=\"post\" action=\"https:\/\/newsletter.infomaniak.com\/external\/submit\" class=\"inf-form\" target=\"_blank\"><input type=\"email\" name=\"email\" style=\"display:none\" \/><input type=\"hidden\" name=\"key\" value=\"eyJpdiI6IkpcLzk3SDdBdEl5dkZzUFd2OFJhWW8rNElPT0pndG43MHdEdW1iRGFYeGVrPSIsInZhbHVlIjoiM0ZvdFVtNTBwM3FFanR4WktmSWdQXC9iQU5DQ0Y2MzVuUTBDNDRxT2g3Rmc9IiwibWFjIjoiNzY0NTExZGFkOGIxNDk3OTU2ZmYwODNhZDMzNGJhYzg0MTRmMmMzZmEzYTcyZTAyZDgxZWMwM2M0NDhmY2UxMCJ9\"><input type=\"hidden\" name=\"webform_id\" value=\"11596\"><style> .inf-main_711c6c3a8e58e31089c6ceb3242d8aff{ background-color:none; padding:25px 150px; margin:25px auto; } .inf-main_711c6c3a8e58e31089c6ceb3242d8aff .inf-content { margin-top:13px;} .inf-main_711c6c3a8e58e31089c6ceb3242d8aff h4, .inf-main_711c6c3a8e58e31089c6ceb3242d8aff span, .inf-main_711c6c3a8e58e31089c6ceb3242d8aff label, .inf-main_711c6c3a8e58e31089c6ceb3242d8aff input, .inf-main_711c6c3a8e58e31089c6ceb3242d8aff .inf-submit, .inf-main_711c6c3a8e58e31089c6ceb3242d8aff .inf-success p a { color:#555555; font-size:14px; } .inf-main_711c6c3a8e58e31089c6ceb3242d8aff h4{ font-size:18px; margin:0px 0px 13px 0px; } .inf-main_711c6c3a8e58e31089c6ceb3242d8aff h4, .inf-main_711c6c3a8e58e31089c6ceb3242d8aff label{ font-weight:light; } .inf-main_711c6c3a8e58e31089c6ceb3242d8aff .inf-input { margin-bottom:7px; } .inf-main_711c6c3a8e58e31089c6ceb3242d8aff label { display:block;} .inf-main_711c6c3a8e58e31089c6ceb3242d8aff input{ height:35px; color:#999999; border: 1px solid #E9E9E9; border:1px solid #E9E9E9; padding-left:7px; } .inf-main_711c6c3a8e58e31089c6ceb3242d8aff .inf-input.inf-error label, .inf-main_711c6c3a8e58e31089c6ceb3242d8aff .inf-input.inf-error span.inf-message{ color: #cc0033; } .inf-main_711c6c3a8e58e31089c6ceb3242d8aff .inf-input.inf-error input{ border: 1px solid #cc0033; } .inf-main_711c6c3a8e58e31089c6ceb3242d8aff .inf-input input { width:100%;} .inf-main_711c6c3a8e58e31089c6ceb3242d8aff .inf-input.inf-error span.inf-message { display: block; } .inf-main_711c6c3a8e58e31089c6ceb3242d8aff .inf-submit { text-align:right;} .inf-main_711c6c3a8e58e31089c6ceb3242d8aff .inf-submit input{ background-color:#777777; color:#ffffff; border:none; font-weight: light; height:auto; padding:7px; } .inf-main_711c6c3a8e58e31089c6ceb3242d8aff .inf-submit input.disabled{ opacity: 0.4; } .inf-btn { color: rgb(85, 85, 85); border: medium none; font-weight: light; height: auto; padding: 7px; display: inline-block; background-color: white; box-shadow: 0px 1px 1px rgba(0, 0, 0, 0.24); border-radius: 2px; line-height: 1em; } .inf-rgpd { margin:25px 0px 15px 0px; color:#555555; } <\/style> <div class=\"inf-main_711c6c3a8e58e31089c6ceb3242d8aff\"> <h4>Newsletter<\/h4> <span>nous ouvrirons nos portes \u00e0 toutes les personnes qui s\u2019int\u00e9ressent \u00e0 la communication cr\u00e9ative.<\/span> <div class=\"inf-success\" style=\"display:none\"> <h4>Votre inscription a \u00e9t\u00e9 enregistr\u00e9e avec succ\u00e8s !<\/h4> <p> <a href=\"#\" class=\"inf-btn\">&laquo;<\/a> <\/p> <\/div> <div class=\"inf-content\"> <div class=\"inf-input inf-input-text\"> <input type=\"text\" name=\"inf[1]\" data-inf-meta = \"1\" data-inf-error = \"Bitte geben Sie eine E-Mail-Adresse an\" required=\"required\" placeholder=\"E-Mail\" > <\/div> <div class=\"inf-input inf-input-text\"> <input type=\"text\" name=\"inf[38785]\" data-inf-meta = \"38785\" data-inf-error = \"merci de remplir le champ obligatoire\" required=\"required\" placeholder=\"pr\u00e9nom\" > <\/div> <div class=\"inf-input inf-input-text\"> <input type=\"text\" name=\"inf[39156]\" data-inf-meta = \"39156\" data-inf-error = \"Bitte geben Sie eine E-Mail-Adresse an\" placeholder=\"Nom\" > <\/div> <div class=\"inf-input inf-input-text\"> <input type=\"text\" name=\"inf[38786]\" data-inf-meta = \"38786\" data-inf-error = \"merci de remplir le champ obligatoire\" required=\"required\" placeholder=\"entreprise\" > <\/div> <div class=\"inf-input inf-input-text\"> <input type=\"text\" name=\"inf[38787]\" data-inf-meta = \"38787\" data-inf-error = \"merci de remplir le champ obligatoire\" placeholder=\"poste\" > <\/div> <div class=\"inf-submit\"> <input type=\"submit\" name=\"\" value=\"envoyer\"> <\/div> <\/div> <\/div> <\/form>\n\n\n\n<p class=\"is-style-default\"><\/p>\n","protected":false},"excerpt":{"rendered":"<p>Newsletter nous ouvrirons nos portes \u00e0 toutes les personnes qui s\u2019int\u00e9ressent \u00e0 la communication cr\u00e9ative. Votre inscription a \u00e9t\u00e9 enregistr\u00e9e avec succ\u00e8s ! &laquo;<\/p>\n","protected":false},"author":1,"featured_media":0,"parent":0,"menu_order":7,"comment_status":"closed","ping_status":"closed","template":"template-full-width.php","meta":{"_acf_changed":false,"footnotes":""},"class_list":["post-1291","page","type-page","status-publish","hentry"],"acf":[],"yoast_head":"<!-- This site is optimized with the Yoast SEO plugin v27.5 - https:\/\/yoast.com\/product\/yoast-seo-wordpress\/ -->\n<title>Newsletter &#8211; OPENROOM CREATIVE AGENCY<\/title>\n<meta name=\"description\" content=\"Newsletter &#8211; nous ouvrirons nos portes \u00e0 toutes les personnes qui s\u2019int\u00e9ressent \u00e0 la communication cr\u00e9ative.\" \/>\n<meta name=\"robots\" content=\"index, follow, max-snippet:-1, max-image-preview:large, max-video-preview:-1\" \/>\n<link rel=\"canonical\" href=\"https:\/\/openroom.ch\/fr\/newsletter\/\" \/>\n<meta property=\"og:locale\" content=\"fr_FR\" \/>\n<meta property=\"og:type\" content=\"article\" \/>\n<meta property=\"og:title\" content=\"Newsletter &#8211; OPENROOM CREATIVE AGENCY\" \/>\n<meta property=\"og:description\" content=\"Newsletter &#8211; nous ouvrirons nos portes \u00e0 toutes les personnes qui s\u2019int\u00e9ressent \u00e0 la communication cr\u00e9ative.\" \/>\n<meta property=\"og:url\" content=\"https:\/\/openroom.ch\/fr\/newsletter\/\" \/>\n<meta property=\"og:site_name\" content=\"OPENROOM | The Unlimited Creative Lab\" \/>\n<meta property=\"article:publisher\" content=\"https:\/\/www.facebook.com\/openroom_creative_agency\" \/>\n<meta property=\"article:modified_time\" content=\"2022-03-02T09:25:18+00:00\" \/>\n<meta name=\"twitter:card\" content=\"summary_large_image\" \/>\n<meta name=\"twitter:label1\" content=\"Dur\u00e9e de lecture estim\u00e9e\" \/>\n\t<meta name=\"twitter:data1\" content=\"1 minute\" \/>\n<script type=\"application\/ld+json\" class=\"yoast-schema-graph\">{\"@context\":\"https:\\\/\\\/schema.org\",\"@graph\":[{\"@type\":\"Article\",\"@id\":\"https:\\\/\\\/openroom.ch\\\/fr\\\/newsletter\\\/#article\",\"isPartOf\":{\"@id\":\"https:\\\/\\\/openroom.ch\\\/fr\\\/newsletter\\\/\"},\"author\":{\"name\":\"open_webundso\",\"@id\":\"https:\\\/\\\/openroom.ch\\\/fr\\\/#\\\/schema\\\/person\\\/23d81e2dbdd499b882e1839e3a63935e\"},\"headline\":\"Newsletter\",\"datePublished\":\"2021-11-08T11:25:05+00:00\",\"dateModified\":\"2022-03-02T09:25:18+00:00\",\"mainEntityOfPage\":{\"@id\":\"https:\\\/\\\/openroom.ch\\\/fr\\\/newsletter\\\/\"},\"wordCount\":27,\"publisher\":{\"@id\":\"https:\\\/\\\/openroom.ch\\\/fr\\\/#organization\"},\"inLanguage\":\"fr-FR\"},{\"@type\":\"WebPage\",\"@id\":\"https:\\\/\\\/openroom.ch\\\/fr\\\/newsletter\\\/\",\"url\":\"https:\\\/\\\/openroom.ch\\\/fr\\\/newsletter\\\/\",\"name\":\"Newsletter &#8211; OPENROOM CREATIVE AGENCY\",\"isPartOf\":{\"@id\":\"https:\\\/\\\/openroom.ch\\\/fr\\\/#website\"},\"datePublished\":\"2021-11-08T11:25:05+00:00\",\"dateModified\":\"2022-03-02T09:25:18+00:00\",\"description\":\"Newsletter &#8211; nous ouvrirons nos portes \u00e0 toutes les personnes qui s\u2019int\u00e9ressent \u00e0 la communication cr\u00e9ative.\",\"breadcrumb\":{\"@id\":\"https:\\\/\\\/openroom.ch\\\/fr\\\/newsletter\\\/#breadcrumb\"},\"inLanguage\":\"fr-FR\",\"potentialAction\":[{\"@type\":\"ReadAction\",\"target\":[\"https:\\\/\\\/openroom.ch\\\/fr\\\/newsletter\\\/\"]}]},{\"@type\":\"BreadcrumbList\",\"@id\":\"https:\\\/\\\/openroom.ch\\\/fr\\\/newsletter\\\/#breadcrumb\",\"itemListElement\":[{\"@type\":\"ListItem\",\"position\":1,\"name\":\"Home\",\"item\":\"https:\\\/\\\/openroom.ch\\\/fr\\\/\"},{\"@type\":\"ListItem\",\"position\":2,\"name\":\"Newsletter\"}]},{\"@type\":\"WebSite\",\"@id\":\"https:\\\/\\\/openroom.ch\\\/fr\\\/#website\",\"url\":\"https:\\\/\\\/openroom.ch\\\/fr\\\/\",\"name\":\"OPENROOM | The Unlimited Creative Lab\",\"description\":\"\",\"publisher\":{\"@id\":\"https:\\\/\\\/openroom.ch\\\/fr\\\/#organization\"},\"potentialAction\":[{\"@type\":\"SearchAction\",\"target\":{\"@type\":\"EntryPoint\",\"urlTemplate\":\"https:\\\/\\\/openroom.ch\\\/fr\\\/?s={search_term_string}\"},\"query-input\":{\"@type\":\"PropertyValueSpecification\",\"valueRequired\":true,\"valueName\":\"search_term_string\"}}],\"inLanguage\":\"fr-FR\"},{\"@type\":\"Organization\",\"@id\":\"https:\\\/\\\/openroom.ch\\\/fr\\\/#organization\",\"name\":\"OPENROOM GmbH\",\"url\":\"https:\\\/\\\/openroom.ch\\\/fr\\\/\",\"logo\":{\"@type\":\"ImageObject\",\"inLanguage\":\"fr-FR\",\"@id\":\"https:\\\/\\\/openroom.ch\\\/fr\\\/#\\\/schema\\\/logo\\\/image\\\/\",\"url\":\"https:\\\/\\\/openroom.ch\\\/wp-content\\\/uploads\\\/2021\\\/11\\\/logo-b-1.svg\",\"contentUrl\":\"https:\\\/\\\/openroom.ch\\\/wp-content\\\/uploads\\\/2021\\\/11\\\/logo-b-1.svg\",\"width\":1,\"height\":1,\"caption\":\"OPENROOM GmbH\"},\"image\":{\"@id\":\"https:\\\/\\\/openroom.ch\\\/fr\\\/#\\\/schema\\\/logo\\\/image\\\/\"},\"sameAs\":[\"https:\\\/\\\/www.facebook.com\\\/openroom_creative_agency\",\"https:\\\/\\\/www.instagram.com\\\/openroom.ch\\\/\",\"https:\\\/\\\/www.linkedin.com\\\/company\\\/openroom-werbeagentur\\\/\"]},{\"@type\":\"Person\",\"@id\":\"https:\\\/\\\/openroom.ch\\\/fr\\\/#\\\/schema\\\/person\\\/23d81e2dbdd499b882e1839e3a63935e\",\"name\":\"open_webundso\",\"sameAs\":[\"https:\\\/\\\/new.openroom.ch\"]}]}<\/script>\n<!-- \/ Yoast SEO plugin. -->","yoast_head_json":{"title":"Newsletter &#8211; OPENROOM CREATIVE AGENCY","description":"Newsletter &#8211; nous ouvrirons nos portes \u00e0 toutes les personnes qui s\u2019int\u00e9ressent \u00e0 la communication cr\u00e9ative.","robots":{"index":"index","follow":"follow","max-snippet":"max-snippet:-1","max-image-preview":"max-image-preview:large","max-video-preview":"max-video-preview:-1"},"canonical":"https:\/\/openroom.ch\/fr\/newsletter\/","og_locale":"fr_FR","og_type":"article","og_title":"Newsletter &#8211; OPENROOM CREATIVE AGENCY","og_description":"Newsletter &#8211; nous ouvrirons nos portes \u00e0 toutes les personnes qui s\u2019int\u00e9ressent \u00e0 la communication cr\u00e9ative.","og_url":"https:\/\/openroom.ch\/fr\/newsletter\/","og_site_name":"OPENROOM | The Unlimited Creative Lab","article_publisher":"https:\/\/www.facebook.com\/openroom_creative_agency","article_modified_time":"2022-03-02T09:25:18+00:00","twitter_card":"summary_large_image","twitter_misc":{"Dur\u00e9e de lecture estim\u00e9e":"1 minute"},"schema":{"@context":"https:\/\/schema.org","@graph":[{"@type":"Article","@id":"https:\/\/openroom.ch\/fr\/newsletter\/#article","isPartOf":{"@id":"https:\/\/openroom.ch\/fr\/newsletter\/"},"author":{"name":"open_webundso","@id":"https:\/\/openroom.ch\/fr\/#\/schema\/person\/23d81e2dbdd499b882e1839e3a63935e"},"headline":"Newsletter","datePublished":"2021-11-08T11:25:05+00:00","dateModified":"2022-03-02T09:25:18+00:00","mainEntityOfPage":{"@id":"https:\/\/openroom.ch\/fr\/newsletter\/"},"wordCount":27,"publisher":{"@id":"https:\/\/openroom.ch\/fr\/#organization"},"inLanguage":"fr-FR"},{"@type":"WebPage","@id":"https:\/\/openroom.ch\/fr\/newsletter\/","url":"https:\/\/openroom.ch\/fr\/newsletter\/","name":"Newsletter &#8211; OPENROOM CREATIVE AGENCY","isPartOf":{"@id":"https:\/\/openroom.ch\/fr\/#website"},"datePublished":"2021-11-08T11:25:05+00:00","dateModified":"2022-03-02T09:25:18+00:00","description":"Newsletter &#8211; nous ouvrirons nos portes \u00e0 toutes les personnes qui s\u2019int\u00e9ressent \u00e0 la communication cr\u00e9ative.","breadcrumb":{"@id":"https:\/\/openroom.ch\/fr\/newsletter\/#breadcrumb"},"inLanguage":"fr-FR","potentialAction":[{"@type":"ReadAction","target":["https:\/\/openroom.ch\/fr\/newsletter\/"]}]},{"@type":"BreadcrumbList","@id":"https:\/\/openroom.ch\/fr\/newsletter\/#breadcrumb","itemListElement":[{"@type":"ListItem","position":1,"name":"Home","item":"https:\/\/openroom.ch\/fr\/"},{"@type":"ListItem","position":2,"name":"Newsletter"}]},{"@type":"WebSite","@id":"https:\/\/openroom.ch\/fr\/#website","url":"https:\/\/openroom.ch\/fr\/","name":"OPENROOM | The Unlimited Creative Lab","description":"","publisher":{"@id":"https:\/\/openroom.ch\/fr\/#organization"},"potentialAction":[{"@type":"SearchAction","target":{"@type":"EntryPoint","urlTemplate":"https:\/\/openroom.ch\/fr\/?s={search_term_string}"},"query-input":{"@type":"PropertyValueSpecification","valueRequired":true,"valueName":"search_term_string"}}],"inLanguage":"fr-FR"},{"@type":"Organization","@id":"https:\/\/openroom.ch\/fr\/#organization","name":"OPENROOM GmbH","url":"https:\/\/openroom.ch\/fr\/","logo":{"@type":"ImageObject","inLanguage":"fr-FR","@id":"https:\/\/openroom.ch\/fr\/#\/schema\/logo\/image\/","url":"https:\/\/openroom.ch\/wp-content\/uploads\/2021\/11\/logo-b-1.svg","contentUrl":"https:\/\/openroom.ch\/wp-content\/uploads\/2021\/11\/logo-b-1.svg","width":1,"height":1,"caption":"OPENROOM GmbH"},"image":{"@id":"https:\/\/openroom.ch\/fr\/#\/schema\/logo\/image\/"},"sameAs":["https:\/\/www.facebook.com\/openroom_creative_agency","https:\/\/www.instagram.com\/openroom.ch\/","https:\/\/www.linkedin.com\/company\/openroom-werbeagentur\/"]},{"@type":"Person","@id":"https:\/\/openroom.ch\/fr\/#\/schema\/person\/23d81e2dbdd499b882e1839e3a63935e","name":"open_webundso","sameAs":["https:\/\/new.openroom.ch"]}]}},"_links":{"self":[{"href":"https:\/\/openroom.ch\/fr\/wp-json\/wp\/v2\/pages\/1291","targetHints":{"allow":["GET"]}}],"collection":[{"href":"https:\/\/openroom.ch\/fr\/wp-json\/wp\/v2\/pages"}],"about":[{"href":"https:\/\/openroom.ch\/fr\/wp-json\/wp\/v2\/types\/page"}],"author":[{"embeddable":true,"href":"https:\/\/openroom.ch\/fr\/wp-json\/wp\/v2\/users\/1"}],"replies":[{"embeddable":true,"href":"https:\/\/openroom.ch\/fr\/wp-json\/wp\/v2\/comments?post=1291"}],"version-history":[{"count":25,"href":"https:\/\/openroom.ch\/fr\/wp-json\/wp\/v2\/pages\/1291\/revisions"}],"predecessor-version":[{"id":3996,"href":"https:\/\/openroom.ch\/fr\/wp-json\/wp\/v2\/pages\/1291\/revisions\/3996"}],"wp:attachment":[{"href":"https:\/\/openroom.ch\/fr\/wp-json\/wp\/v2\/media?parent=1291"}],"curies":[{"name":"wp","href":"https:\/\/api.w.org\/{rel}","templated":true}]}}